{"id":3,"date":"2026-01-19T17:15:24","date_gmt":"2026-01-19T17:15:24","guid":{"rendered":"https:\/\/saya.com.gt\/?page_id=3"},"modified":"2026-01-28T17:08:40","modified_gmt":"2026-01-28T17:08:40","slug":"privacy-policy","status":"publish","type":"page","link":"https:\/\/saya.com.gt\/en\/privacy-policy\/","title":{"rendered":"Privacy Policy"},"content":{"rendered":"<p>Last update: January 2026<\/p>\n\n\n\n<p>This Privacy Policy explains how we collect, use, and protect personal information provided by users.<br>This Privacy Policy describes how we collect, use and protect personal information provided by users.<br><br>By using this website, you agree to this Privacy Policy.<br><br>1. Information we collect<br>We may collect personal information such as name, email address and messages sent through contact forms.<br>We do not process payments or store financial information on this website.<br><br>2. Use of information<br>The information collected is used only for:<br>- Answering inquiries<br>- Provide information about SAYA Coliving<br>- Improve user experience<br>- Analyze site usage for statistical and marketing purposes.<br><br>3. Analysis and marketing tools<br>This site uses tools such as Google Analytics, Google Tag Manager and Meta Pixel to analyze traffic and user behavior.<br><br>4. Data sharing with third parties<br>Information may be shared with external platforms necessary for the operation of the service, such as Booking, Airbnb and Hostelworld, as well as analytics and marketing providers.<br><br>5. Cookies<br>We use cookies to improve the browsing experience. The user can manage or disable cookies from your browser settings.<br><br>6. User's rights<br>The user may request access, rectification or deletion of his or her personal data, as well as withdraw his or her consent, by writing to sayacoliving@gmail.com.<br><br>7. Minimum age<br>This site is intended exclusively for persons over 18 years of age.<br><br>8. Updates to this policy<br>This Privacy Policy may be updated from time to time. The date indicated at the top reflects the latest version in effect.<\/p>\n\n\n\n<p><\/p>","protected":false},"excerpt":{"rendered":"<p>\u00daltima actualizaci\u00f3n: enero 2026 SAYA Coliving, con operaci\u00f3n en Guatemala, valora y respeta la privacidad de los usuarios que visitan el sitio web saya.com.gt.Esta Pol\u00edtica de Privacidad describe c\u00f3mo recopilamos, usamos y protegemos la informaci\u00f3n personal proporcionada por los usuarios. Al utilizar este sitio web, aceptas esta Pol\u00edtica de Privacidad. 1. Informaci\u00f3n que recopilamosPodemos recopilar&#8230;<\/p>","protected":false},"author":1,"featured_media":0,"parent":0,"menu_order":0,"comment_status":"closed","ping_status":"closed","template":"page-full-width","meta":{"pagelayer_contact_templates":[],"_pagelayer_content":"","footnotes":""},"class_list":["post-3","page","type-page","status-publish","hentry"],"_links":{"self":[{"href":"https:\/\/saya.com.gt\/en\/wp-json\/wp\/v2\/pages\/3","targetHints":{"allow":["GET"]}}],"collection":[{"href":"https:\/\/saya.com.gt\/en\/wp-json\/wp\/v2\/pages"}],"about":[{"href":"https:\/\/saya.com.gt\/en\/wp-json\/wp\/v2\/types\/page"}],"author":[{"embeddable":true,"href":"https:\/\/saya.com.gt\/en\/wp-json\/wp\/v2\/users\/1"}],"replies":[{"embeddable":true,"href":"https:\/\/saya.com.gt\/en\/wp-json\/wp\/v2\/comments?post=3"}],"version-history":[{"count":1,"href":"https:\/\/saya.com.gt\/en\/wp-json\/wp\/v2\/pages\/3\/revisions"}],"predecessor-version":[{"id":243,"href":"https:\/\/saya.com.gt\/en\/wp-json\/wp\/v2\/pages\/3\/revisions\/243"}],"wp:attachment":[{"href":"https:\/\/saya.com.gt\/en\/wp-json\/wp\/v2\/media?parent=3"}],"curies":[{"name":"wp","href":"https:\/\/api.w.org\/{rel}","templated":true}]}}