{"id":2,"date":"2026-01-19T17:15:24","date_gmt":"2026-01-19T17:15:24","guid":{"rendered":"https:\/\/saya.com.gt\/?page_id=2"},"modified":"2026-01-28T16:44:27","modified_gmt":"2026-01-28T16:44:27","slug":"sobre-nosotros","status":"publish","type":"page","link":"https:\/\/saya.com.gt\/en\/sobre-nosotros\/","title":{"rendered":"About us"},"content":{"rendered":"<div class=\"wp-block-group has-tertiary-light-background-color has-background is-layout-constrained wp-container-core-group-is-layout-601d63fe wp-block-group-is-layout-constrained\" style=\"padding-top:7rem;padding-right:var(--wp--preset--spacing--40);padding-bottom:7rem;padding-left:var(--wp--preset--spacing--40)\">\n<div class=\"wp-block-columns is-layout-flex wp-container-core-columns-is-layout-66fad18a wp-block-columns-is-layout-flex\">\n<div class=\"wp-block-column is-layout-flow wp-block-column-is-layout-flow\">\n<div class=\"wp-block-cover is-style-fotawp-cover-round-style\" style=\"min-height:650px;aspect-ratio:unset;\"><img loading=\"lazy\" decoding=\"async\" width=\"709\" height=\"1024\" class=\"wp-block-cover__image-background wp-image-217 size-large\" alt=\"\" src=\"https:\/\/saya.com.gt\/wp-content\/uploads\/2026\/01\/WhatsApp-Image-2026-01-28-at-10.23.19-AM-1-709x1024.jpeg\" data-object-fit=\"cover\" srcset=\"https:\/\/saya.com.gt\/wp-content\/uploads\/2026\/01\/WhatsApp-Image-2026-01-28-at-10.23.19-AM-1-709x1024.jpeg 709w, https:\/\/saya.com.gt\/wp-content\/uploads\/2026\/01\/WhatsApp-Image-2026-01-28-at-10.23.19-AM-1-208x300.jpeg 208w, https:\/\/saya.com.gt\/wp-content\/uploads\/2026\/01\/WhatsApp-Image-2026-01-28-at-10.23.19-AM-1-768x1109.jpeg 768w, https:\/\/saya.com.gt\/wp-content\/uploads\/2026\/01\/WhatsApp-Image-2026-01-28-at-10.23.19-AM-1-1064x1536.jpeg 1064w, https:\/\/saya.com.gt\/wp-content\/uploads\/2026\/01\/WhatsApp-Image-2026-01-28-at-10.23.19-AM-1-8x12.jpeg 8w, https:\/\/saya.com.gt\/wp-content\/uploads\/2026\/01\/WhatsApp-Image-2026-01-28-at-10.23.19-AM-1.jpeg 1108w\" sizes=\"auto, (max-width: 709px) 100vw, 709px\" \/><span aria-hidden=\"true\" class=\"wp-block-cover__background has-background-dim-0 has-background-dim\" style=\"background-color:#856842\"><\/span><div class=\"wp-block-cover__inner-container is-layout-flow wp-block-cover-is-layout-flow\">\n<p><\/p>\n<\/div><\/div>\n<\/div>\n\n\n\n<div class=\"wp-block-column is-vertically-aligned-center is-layout-flow wp-block-column-is-layout-flow\" style=\"padding-left:var(--wp--preset--spacing--50)\">\n<h6 class=\"wp-block-heading has-accent-color has-text-color\">About us<\/h6>\n\n\n\n<h1 class=\"wp-block-heading has-heading-color-color has-text-color\" style=\"font-style:normal;font-weight:500\">Our history<\/h1>\n\n\n\n<p class=\"has-sub-heading-color-color has-text-color has-small-font-size\" style=\"font-style:normal;font-weight:300;line-height:1.6\">Saya Coliving is a large and cozy beachside home created for travelers who want to feel comfortable, relaxed and part of a community while staying in El Paredon. <\/p>\n\n\n\n<p class=\"has-sub-heading-color-color has-text-color has-small-font-size\" style=\"font-style:normal;font-weight:300;line-height:1.6\">We are proud to be among the few Guatemalan-owned hospitality projects in El Pared\u00f3n, built and run by locals who care deeply about this place and its future. Staying with us means supporting a locally owned space that grows with the community.<\/p>\n\n\n\n<p class=\"has-sub-heading-color-color has-text-color has-small-font-size\" style=\"font-style:normal;font-weight:300;line-height:1.6\">Our house is designed to meet all the needs of both long and short stays. You'll find comfortable private and shared rooms, spacious common areas to relax in, well-appointed shared spaces and a relaxed atmosphere where guests naturally connect. Whether you're here to surf, relax, explore the town or just enjoy life on the beach, Saya Coliving feels like home.<\/p>\n\n\n\n<div style=\"height:5px\" aria-hidden=\"true\" class=\"wp-block-spacer\"><\/div>\n\n\n\n<div class=\"wp-block-buttons is-layout-flex wp-block-buttons-is-layout-flex\"><\/div>\n<\/div>\n<\/div>\n<\/div>","protected":false},"excerpt":{"rendered":"<p>Sobre nosotros Nuestra historia Saya Coliving es un hogar grande y acogedor junto a la playa, creado para viajeros que desean sentirse c\u00f3modos, relajados y parte de una comunidad mientras se hospedan en El Pared\u00f3n. Estamos orgullosamente entre los pocos proyectos de hospitalidad de propiedad guatemalteca en El Pared\u00f3n, construidos y dirigidos por lugare\u00f1os que&#8230;<\/p>","protected":false},"author":1,"featured_media":0,"parent":0,"menu_order":0,"comment_status":"closed","ping_status":"closed","template":"page-full-width","meta":{"pagelayer_contact_templates":[],"_pagelayer_content":"","footnotes":""},"class_list":["post-2","page","type-page","status-publish","hentry"],"_links":{"self":[{"href":"https:\/\/saya.com.gt\/en\/wp-json\/wp\/v2\/pages\/2","targetHints":{"allow":["GET"]}}],"collection":[{"href":"https:\/\/saya.com.gt\/en\/wp-json\/wp\/v2\/pages"}],"about":[{"href":"https:\/\/saya.com.gt\/en\/wp-json\/wp\/v2\/types\/page"}],"author":[{"embeddable":true,"href":"https:\/\/saya.com.gt\/en\/wp-json\/wp\/v2\/users\/1"}],"replies":[{"embeddable":true,"href":"https:\/\/saya.com.gt\/en\/wp-json\/wp\/v2\/comments?post=2"}],"version-history":[{"count":3,"href":"https:\/\/saya.com.gt\/en\/wp-json\/wp\/v2\/pages\/2\/revisions"}],"predecessor-version":[{"id":242,"href":"https:\/\/saya.com.gt\/en\/wp-json\/wp\/v2\/pages\/2\/revisions\/242"}],"wp:attachment":[{"href":"https:\/\/saya.com.gt\/en\/wp-json\/wp\/v2\/media?parent=2"}],"curies":[{"name":"wp","href":"https:\/\/api.w.org\/{rel}","templated":true}]}}